{"id":303,"date":"2024-03-04T18:03:04","date_gmt":"2024-03-04T17:03:04","guid":{"rendered":"https:\/\/newintelligence.ch\/?page_id=303"},"modified":"2024-05-02T13:00:53","modified_gmt":"2024-05-02T11:00:53","slug":"analisi-file-multimediali-audio-video-immagini","status":"publish","type":"page","link":"https:\/\/newintelligence.ch\/index.php\/analisi-file-multimediali-audio-video-immagini\/","title":{"rendered":"Analisi File Multimediali (audio\/Video\/Immagini)"},"content":{"rendered":"\n<p class=\"has-vivid-red-color has-text-color has-link-color wp-elements-ff702d36ab2ebf97bda67d72d59770c9\"><strong>Analisi Forense di File Multimediali con New Intelligence: Genuinit\u00e0 e Integrit\u00e0 Garantite<\/strong><\/p>\n\n\n\n<p>Nei contesti privati, forensi e investigativi, l&#8217;utilizzo di file multimediali, compresi immagini, audio e video, \u00e8 cruciale. Tuttavia, spesso, la difficolt\u00e0 nell&#8217;ottenere registrazioni ottimali pu\u00f2 produrre risultati inutilizzabili: immagini sfocate, video non ottimali, tracce audio con volumi bassi e rumori disturbanti. In oltre \u00e8 fondamentale verificare a livello tecnico la veridicit\u00e0 di un file multimediale, in modo da certificarne la bont\u00e0 oppure contestarne il contenuto in caso di modifiche ed alterazioni.<\/p>\n\n\n\n<p><strong>Cosa Possiamo Fare per Te:<\/strong><\/p>\n\n\n\n<ol class=\"wp-block-list\">\n<li><strong>Analisi di Qualit\u00e0 Tecnica:<\/strong><br>Miglioriamo la qualit\u00e0 di immagini, video e tracce audio, garantendo risultati ottimali anche in situazioni operative difficili.<\/li>\n\n\n\n<li><strong>Verifica di Genuinit\u00e0 e Integrit\u00e0:<\/strong><br>Analizziamo ogni dettaglio, utilizzando tecnologie avanzate, per assicurarci che i tuoi file multimediali siano autentici e non abbiano subito modifiche che ne compromettano la veridicit\u00e0.<\/li>\n\n\n\n<li><strong>Analisi dello Spettro d&#8217;Onda e della Frequenza<\/strong>:<br>I nostri tecnici esaminano lo spettro d&#8217;ond, la frequenza, il pixeling dei file multimediali per garantire la loro autenticit\u00e0 e rilevare eventuali alterazioni.<\/li>\n\n\n\n<li><strong>Analisi dei Metadati:<\/strong><br>Ogni file multimediale prevede dei metadati che lo identificano. Data di creazione, modifica e cancellazione, autore del file e device che lo ha creato e molto altro ancora. L&#8217;analisi dei metadati permette di veriricare la genuinit\u00e0 del file e studiarne l&#8217;evoluzione.<\/li>\n<\/ol>\n\n\n\n<p>Con New Intelligence, puoi essere certo che i tuoi file multimediali saranno certificati nella loro autenticit\u00e0, fornendoti la tranquillit\u00e0 e la sicurezza necessarie per le tue attivit\u00e0 d&#8217;indagine invastigative e legale.<\/p>\n\n\n\n<p><\/p>\n\n\n<div class=\"wp-block-image\">\n<figure class=\"aligncenter size-full\"><img data-recalc-dims=\"1\" loading=\"lazy\" decoding=\"async\" width=\"490\" height=\"492\" src=\"https:\/\/i0.wp.com\/newintelligence.ch\/wp-content\/uploads\/2024\/03\/analisi-audio.png?resize=490%2C492&#038;ssl=1\" alt=\"\" class=\"wp-image-362\" srcset=\"https:\/\/i0.wp.com\/newintelligence.ch\/wp-content\/uploads\/2024\/03\/analisi-audio.png?w=490&amp;ssl=1 490w, https:\/\/i0.wp.com\/newintelligence.ch\/wp-content\/uploads\/2024\/03\/analisi-audio.png?resize=300%2C300&amp;ssl=1 300w, https:\/\/i0.wp.com\/newintelligence.ch\/wp-content\/uploads\/2024\/03\/analisi-audio.png?resize=150%2C150&amp;ssl=1 150w\" sizes=\"auto, (max-width: 490px) 100vw, 490px\" \/><\/figure>\n<\/div>","protected":false},"excerpt":{"rendered":"<p>Analisi Forense di File Multimediali con New Intelligence: Genuinit\u00e0 e Integrit\u00e0 Garantite Nei contesti privati, forensi e investigativi, l&#8217;utilizzo di file multimediali, compresi immagini, audio e video, \u00e8 cruciale. Tuttavia,&hellip;<a href=\"https:\/\/newintelligence.ch\/index.php\/analisi-file-multimediali-audio-video-immagini\/\" class=\"more-link\"><span class=\"more-button\">Continue reading<span class=\"screen-reader-text\">Analisi File Multimediali (audio\/Video\/Immagini)<\/span><\/span><\/a><\/p>\n","protected":false},"author":1,"featured_media":0,"parent":0,"menu_order":0,"comment_status":"closed","ping_status":"closed","template":"","meta":{"jetpack_post_was_ever_published":false,"footnotes":""},"class_list":["post-303","page","type-page","status-publish","hentry"],"jetpack_sharing_enabled":true,"_links":{"self":[{"href":"https:\/\/newintelligence.ch\/index.php\/wp-json\/wp\/v2\/pages\/303","targetHints":{"allow":["GET"]}}],"collection":[{"href":"https:\/\/newintelligence.ch\/index.php\/wp-json\/wp\/v2\/pages"}],"about":[{"href":"https:\/\/newintelligence.ch\/index.php\/wp-json\/wp\/v2\/types\/page"}],"author":[{"embeddable":true,"href":"https:\/\/newintelligence.ch\/index.php\/wp-json\/wp\/v2\/users\/1"}],"replies":[{"embeddable":true,"href":"https:\/\/newintelligence.ch\/index.php\/wp-json\/wp\/v2\/comments?post=303"}],"version-history":[{"count":3,"href":"https:\/\/newintelligence.ch\/index.php\/wp-json\/wp\/v2\/pages\/303\/revisions"}],"predecessor-version":[{"id":457,"href":"https:\/\/newintelligence.ch\/index.php\/wp-json\/wp\/v2\/pages\/303\/revisions\/457"}],"wp:attachment":[{"href":"https:\/\/newintelligence.ch\/index.php\/wp-json\/wp\/v2\/media?parent=303"}],"curies":[{"name":"wp","href":"https:\/\/api.w.org\/{rel}","templated":true}]}}