{"id":301,"date":"2024-03-04T17:48:31","date_gmt":"2024-03-04T16:48:31","guid":{"rendered":"https:\/\/newintelligence.ch\/?page_id=301"},"modified":"2024-05-02T13:01:12","modified_gmt":"2024-05-02T11:01:12","slug":"certificazione-dati-digitali","status":"publish","type":"page","link":"https:\/\/newintelligence.ch\/index.php\/certificazione-dati-digitali\/","title":{"rendered":"Certificazione Dati Digitali"},"content":{"rendered":"\n<p><strong>Protezione Digitale con New Intelligence: Affrontiamo le Minacce del Mondo Informatico<\/strong><\/p>\n\n\n\n<p>Nel vasto mondo informatico, i reati si sviluppano online coinvolgendo file multimediali e sfruttando intensivamente E-Mail e Social Network per truffe online. Le Chat, come WhatsApp e simili, sono spesso terreni fertile per utilizzi fraudolenti.<\/p>\n\n\n\n<p>Su Internet, \u00e8 possibile trovare violazioni della privacy attraverso foto e immagini inopportune, o scoprire il proprio marchio aziendale associato a un&#8217;attivit\u00e0 diversa. La diffamazione online \u00e8 diffusa, con contenuti dannosi veicolati attraverso Internet e i Social Network. L&#8217;utilizzo illecito delle e-mail pu\u00f2 portare al furto di dati aziendali, all&#8217;invio non autorizzato di file alla concorrenza e altro ancora. Le Chat delle piattaforme di messaggistica istantanea spesso diventano veicolo di comunicazioni diffamatorie e illegali.<\/p>\n\n\n\n<p>Tutte queste attivit\u00e0 devono essere individuate, analizzate e certificate per essere valide ai fini probatori legali. Le nuove direttive legali richiedono una certificazione forense specifica, escludendo spesso ScreenShot o fotografie delle pagine Web, Social, Chat ed E-Mail, ancor peggio per stampe cartacee. New Intelligence offre soluzioni avanzate, utilizzando software e metodologie specializzate per proteggere i tuoi interessi e garantire prove legalmente valide.<\/p>\n\n\n\n<p>Grazie a Software ed Hardware di tipo militare, nonch\u00e9 al Know-How dei consulenti New Intelligence, \u00e8 possibile:<\/p>\n\n\n\n<ul class=\"wp-block-list\">\n<li>Ricostruire E-Mail ed allegati e certificare mittente, destinatario e marca temporale<\/li>\n\n\n\n<li>Certificazione di SMS e messaggistica istantanea come Whatsapp, ricostruendo anche le conversazioni e gli allegati cancellati<\/li>\n\n\n\n<li>Certificazione di qualsiasi pagina Web, da Siti e Portali aziendali fino ai Social Network come Facebook, Instagram Linkedin, con commenti e Like ai Post<\/li>\n\n\n\n<li>Analisi e certificazione di qualsiasi tipo di file. File documentali, di testo, fogli di calcolo, file PDF etc..<\/li>\n<\/ul>\n\n\n\n<p>Oltre alla certificazione, New Intelligence pu\u00f2 analizzare i dati rinvenuti per perseguire un&#8217;obiettivo valido a livello probatorio.<\/p>\n\n\n\n<p>Le attivit\u00e0 possono essere svolte dai nostri tecnici presso il luogo d\u2019interesse oppure direttamente presso i nostri laboratori. A fine attivit\u00e0 verr\u00e0 rilasciata una relazione tecnica forense valida a livello legale riportante le attivit\u00e0 svolte, i dati certificati e i risultati dell\u2019analisi ad obiettivo effettuata<\/p>\n\n\n\n<p><\/p>\n\n\n<div class=\"wp-block-image\">\n<figure class=\"aligncenter size-full\"><img data-recalc-dims=\"1\" loading=\"lazy\" decoding=\"async\" width=\"1024\" height=\"1024\" src=\"https:\/\/i0.wp.com\/newintelligence.ch\/wp-content\/uploads\/2024\/03\/certif-dati-.jpeg?resize=1024%2C1024&#038;ssl=1\" alt=\"\" class=\"wp-image-364\" srcset=\"https:\/\/i0.wp.com\/newintelligence.ch\/wp-content\/uploads\/2024\/03\/certif-dati-.jpeg?w=1024&amp;ssl=1 1024w, https:\/\/i0.wp.com\/newintelligence.ch\/wp-content\/uploads\/2024\/03\/certif-dati-.jpeg?resize=300%2C300&amp;ssl=1 300w, https:\/\/i0.wp.com\/newintelligence.ch\/wp-content\/uploads\/2024\/03\/certif-dati-.jpeg?resize=150%2C150&amp;ssl=1 150w, https:\/\/i0.wp.com\/newintelligence.ch\/wp-content\/uploads\/2024\/03\/certif-dati-.jpeg?resize=768%2C768&amp;ssl=1 768w\" sizes=\"auto, (max-width: 1024px) 100vw, 1024px\" \/><\/figure>\n<\/div>","protected":false},"excerpt":{"rendered":"<p>Protezione Digitale con New Intelligence: Affrontiamo le Minacce del Mondo Informatico Nel vasto mondo informatico, i reati si sviluppano online coinvolgendo file multimediali e sfruttando intensivamente E-Mail e Social Network&hellip;<a href=\"https:\/\/newintelligence.ch\/index.php\/certificazione-dati-digitali\/\" class=\"more-link\"><span class=\"more-button\">Continue reading<span class=\"screen-reader-text\">Certificazione Dati Digitali<\/span><\/span><\/a><\/p>\n","protected":false},"author":1,"featured_media":0,"parent":0,"menu_order":0,"comment_status":"closed","ping_status":"closed","template":"","meta":{"jetpack_post_was_ever_published":false,"footnotes":""},"class_list":["post-301","page","type-page","status-publish","hentry"],"jetpack_sharing_enabled":true,"_links":{"self":[{"href":"https:\/\/newintelligence.ch\/index.php\/wp-json\/wp\/v2\/pages\/301","targetHints":{"allow":["GET"]}}],"collection":[{"href":"https:\/\/newintelligence.ch\/index.php\/wp-json\/wp\/v2\/pages"}],"about":[{"href":"https:\/\/newintelligence.ch\/index.php\/wp-json\/wp\/v2\/types\/page"}],"author":[{"embeddable":true,"href":"https:\/\/newintelligence.ch\/index.php\/wp-json\/wp\/v2\/users\/1"}],"replies":[{"embeddable":true,"href":"https:\/\/newintelligence.ch\/index.php\/wp-json\/wp\/v2\/comments?post=301"}],"version-history":[{"count":4,"href":"https:\/\/newintelligence.ch\/index.php\/wp-json\/wp\/v2\/pages\/301\/revisions"}],"predecessor-version":[{"id":458,"href":"https:\/\/newintelligence.ch\/index.php\/wp-json\/wp\/v2\/pages\/301\/revisions\/458"}],"wp:attachment":[{"href":"https:\/\/newintelligence.ch\/index.php\/wp-json\/wp\/v2\/media?parent=301"}],"curies":[{"name":"wp","href":"https:\/\/api.w.org\/{rel}","templated":true}]}}