{"id":140,"date":"2018-08-03T14:36:15","date_gmt":"2018-08-03T12:36:15","guid":{"rendered":"http:\/\/newintelligence.ch\/?page_id=140"},"modified":"2024-05-02T15:20:41","modified_gmt":"2024-05-02T13:20:41","slug":"cyber-security-software-analysis","status":"publish","type":"page","link":"https:\/\/newintelligence.ch\/index.php\/cyber-security-software-analysis\/","title":{"rendered":"SOS CYBER \u2013 Soluzioni Cyber Security"},"content":{"rendered":"<div class=\"elementor-element elementor-element-42c9a37 elementor-widget elementor-widget-heading\" data-id=\"42c9a37\" data-element_type=\"widget\" data-widget_type=\"heading.default\">\n<div class=\"elementor-widget-container\">\n<p class=\"p1\" style=\"text-align: center;\"><strong><span class=\"s1\">SOS CYBER &#8211; La soluzione studiata per la Cyber Security di tutte le PMI.<\/span><\/strong><\/p>\n<\/div>\n<\/div>\n<p class=\"p1\"><span class=\"s1\">Secondo il rapporto 2021 sulla sicurezza informatica del Centro Studi sul Crimine Informatico del Censis gli attacchi informatici sono in costante aumento, con una crescita del 37% rispetto all\u2019anno precedente, e che le imprese sono le principali vittime di questi attacchi, subendo perdite economiche e danni reputazionali significativi.<\/span><\/p>\n<p class=\"p1\"><span class=\"s1\">Oltre i riscatti economici richiesti dopo gli attacchi, per decriptare i dati aziendali ed evitarne la divulgazione, le aziende subiscono forti perdite causate dal fermo-lavoro dovuto all\u2019impossibilit\u00e0 di utilizzare i device informatici e i dati aziendali persi.<\/span><\/p>\n<p class=\"p1\"><span class=\"s1\">New Intelligence viene in aiuto delle aziende con i suoi servizi:<\/span><\/p>\n<p class=\"p1\"><span class=\"s1\">&#8211; <strong>Cyber Evaluation:<\/strong> la soluzione vincente per la valutazione dei sistemi informatici e delle reti aziendali e per identificare e mitigare le vulnerabilit\u00e0 e i rischi alla sicurezza, che comprende i servizi di Audit specializzato, VA (Vulnerability Assesment) e PT (Penetration Test Interno\/Esterno)<\/span><\/p>\n<p class=\"p1\"><span class=\"s1\">&#8211; <strong>SOS Ransomware:<\/strong> il servizio di recupero dei dati aziendali tempestivo che garantisce una risposta nell\u2019arco di pochi giorni grazie ad un team di professionisti specializzati. <\/span><\/p>\n<p class=\"p1\"><span class=\"s1\">Oltre questi importanti servizi, New Intelligence offre la <strong>SUITE DI SICUREZZA CIFRATA<\/strong> per proteggere preventivamente ogni aspetto comunicativo digitale aziendale:<\/span><\/p>\n<p class=\"p1\"><span class=\"s1\">&#8211; <strong>E-Mail Sicura:<\/strong> Proteggiamo le tue comunicazioni crittografando mittente, destinatario, testo delle e-mail e allegati. Nessuno pu\u00f2 decifrare ci\u00f2 che non \u00e8 destinato a vedere.<\/span><\/p>\n<p class=\"p1\"><span class=\"s1\">&#8211; <strong>Calendario Protetto:<\/strong> Il tuo calendario contiene appuntamenti importanti, viaggi e note personali. Con il nostro calendario crittografato, tieni al sicuro anche questi dettagli.<\/span><\/p>\n<p class=\"p1\"><span class=\"s1\">&#8211; <strong>Cloud Storage Sicuro:<\/strong> Conserva e condividi i tuoi dati in totale sicurezza grazie al nostro cloud storage cifrato. Nessun accesso non autorizzato.<\/span><\/p>\n<p class=\"p1\"><span class=\"s1\">&#8211; <strong>Privacy VPN:<\/strong> La nostra tecnologia VPN ti mantiene sicuro in ogni situazione. Maschera il tuo indirizzo IP, garantisce l\u2019accesso sicuro alle risorse di rete e ti consente di navigare in modo completamente anonimo.<\/span><\/p>\n<p class=\"p1\"><span class=\"s1\">&#8211; <strong>Gestione delle Password Avanzata:<\/strong> Semplifica la tua vita digitale e proteggi i tuoi account con un software di gestione delle password e identit\u00e0 che utilizza crittografia end-to-end. Solo tu avrai accesso.<\/span><\/p>\n<hr \/>\n\n<div class=\"wp-block-image\">\n<figure class=\"aligncenter size-full\"><img data-recalc-dims=\"1\" loading=\"lazy\" decoding=\"async\" width=\"937\" height=\"325\" src=\"https:\/\/i0.wp.com\/newintelligence.ch\/wp-content\/uploads\/2024\/03\/Schermata-2024-03-12-alle-18.00.56.png?resize=937%2C325&#038;ssl=1\" alt=\"\" class=\"wp-image-376\" srcset=\"https:\/\/i0.wp.com\/newintelligence.ch\/wp-content\/uploads\/2024\/03\/Schermata-2024-03-12-alle-18.00.56.png?w=937&amp;ssl=1 937w, https:\/\/i0.wp.com\/newintelligence.ch\/wp-content\/uploads\/2024\/03\/Schermata-2024-03-12-alle-18.00.56.png?resize=300%2C104&amp;ssl=1 300w, https:\/\/i0.wp.com\/newintelligence.ch\/wp-content\/uploads\/2024\/03\/Schermata-2024-03-12-alle-18.00.56.png?resize=768%2C266&amp;ssl=1 768w\" sizes=\"auto, (max-width: 937px) 100vw, 937px\" \/><\/figure>\n<\/div>","protected":false},"excerpt":{"rendered":"<p>SOS CYBER &#8211; La soluzione studiata per la Cyber Security di tutte le PMI. Secondo il rapporto 2021 sulla sicurezza informatica del Centro Studi sul Crimine Informatico del Censis gli&hellip;<a href=\"https:\/\/newintelligence.ch\/index.php\/cyber-security-software-analysis\/\" class=\"more-link\"><span class=\"more-button\">Continue reading<span class=\"screen-reader-text\">SOS CYBER \u2013 Soluzioni Cyber Security<\/span><\/span><\/a><\/p>\n","protected":false},"author":1,"featured_media":0,"parent":0,"menu_order":0,"comment_status":"closed","ping_status":"closed","template":"","meta":{"jetpack_post_was_ever_published":false,"footnotes":""},"class_list":["post-140","page","type-page","status-publish","hentry"],"jetpack_sharing_enabled":true,"_links":{"self":[{"href":"https:\/\/newintelligence.ch\/index.php\/wp-json\/wp\/v2\/pages\/140","targetHints":{"allow":["GET"]}}],"collection":[{"href":"https:\/\/newintelligence.ch\/index.php\/wp-json\/wp\/v2\/pages"}],"about":[{"href":"https:\/\/newintelligence.ch\/index.php\/wp-json\/wp\/v2\/types\/page"}],"author":[{"embeddable":true,"href":"https:\/\/newintelligence.ch\/index.php\/wp-json\/wp\/v2\/users\/1"}],"replies":[{"embeddable":true,"href":"https:\/\/newintelligence.ch\/index.php\/wp-json\/wp\/v2\/comments?post=140"}],"version-history":[{"count":4,"href":"https:\/\/newintelligence.ch\/index.php\/wp-json\/wp\/v2\/pages\/140\/revisions"}],"predecessor-version":[{"id":467,"href":"https:\/\/newintelligence.ch\/index.php\/wp-json\/wp\/v2\/pages\/140\/revisions\/467"}],"wp:attachment":[{"href":"https:\/\/newintelligence.ch\/index.php\/wp-json\/wp\/v2\/media?parent=140"}],"curies":[{"name":"wp","href":"https:\/\/api.w.org\/{rel}","templated":true}]}}